{"id":6,"date":"2023-03-20T13:19:47","date_gmt":"2023-03-20T13:19:47","guid":{"rendered":"https:\/\/dolopizarro.com\/?page_id=6"},"modified":"2023-06-07T19:13:06","modified_gmt":"2023-06-07T19:13:06","slug":"inicio","status":"publish","type":"page","link":"https:\/\/www.dolopizarro.com\/","title":{"rendered":"Inicio"},"content":{"rendered":"\n<div class=\"inherit-container-width is-layout-constrained wp-block-group gr-header\">\n\n\n\n<figure class=\"wp-block-image size-large pl-header-l\"><img decoding=\"async\" src=\"https:\/\/www.dolopizarro.com\/wp-content\/uploads\/2023\/04\/plumerillo-1.png\" alt=\"\"\/><\/figure>\n\n\n\n<figure class=\"wp-block-image size-large pl-header-r2\"><img decoding=\"async\" src=\"https:\/\/www.dolopizarro.com\/wp-content\/uploads\/2023\/04\/plumerillo-1.png\" alt=\"\"\/><\/figure>\n\n\n\n<figure class=\"wp-block-image size-large pl-header-r\"><img decoding=\"async\" src=\"https:\/\/www.dolopizarro.com\/wp-content\/uploads\/2023\/04\/plumerillo.png\" alt=\"\"\/><\/figure>\n<\/div>\n\n\n\n<div class=\"is-layout-constrained wp-container-7 wp-block-group alignfull SobreMi has-background\" id=\"SobreMi\" style=\"background-color:#275347;padding-top:130px;padding-bottom:130px\">\n<div class=\"inherit-container-width is-layout-constrained wp-block-group alignfull\">\n<div class=\"inherit-container-width is-layout-constrained wp-block-group position-relative cont-1000\">\n<h2 class=\"text-Playfair has-text-color\" style=\"color:#9ed0c1;font-size:60px\">Soy Dolo Pizarro<\/h2>\n\n\n\n<br><br>\n\n\n\n<div class=\"is-layout-flex wp-container-4 wp-block-columns are-vertically-aligned-top\">\n<div class=\"is-layout-flow wp-container-2 wp-block-column is-vertically-aligned-top\">\n<p class=\"has-text-align-left text-Playfair has-text-color\" style=\"color:#f1f7f2;padding-right:var(--wp--preset--spacing--60);font-size:25px;font-style:normal;font-weight:400;line-height:1.6\">Especialista en Salud y Bienestar. Entrenadora en h\u00e1bitos de vida saludable. Speaker y conferencista.<br><\/p>\n\n\n\n<br><br><br><br>\n\n\n\n<p><\/p>\n\n\n\n<p><\/p>\n\n\n\n<p class=\"has-text-align-left has-text-color\" style=\"color:#f1f7f2;padding-top:var(--wp--preset--spacing--20);padding-right:var(--wp--preset--spacing--80);padding-bottom:0;padding-left:0;font-size:18px;font-style:normal;font-weight:400;line-height:1.6\"><strong>Mi prop\u00f3sito<\/strong> es inspirar a las organizaciones a generar conciencia de la importancia del bienestar integral y sostenible de sus colaboradores (cuerpo- mente- esp\u00edritu) y a motivar un estilo de vida saludable.<br><\/p>\n\n\n\n<p class=\"has-text-align-left has-text-color\" style=\"color:#f1f7f2;padding-top:var(--wp--preset--spacing--20);padding-right:var(--wp--preset--spacing--80);padding-bottom:var(--wp--preset--spacing--40);font-size:18px;font-style:normal;font-weight:400;line-height:1.6\">Impulsar acciones poniendo a disposici\u00f3n herramientas que promuevan h\u00e1bitos positivos para mejorar la calidad de vida y que esto se refleje en la cultura organizacional.<br><\/p>\n\n\n\n<p class=\"has-text-align-left text-Playfair has-text-color\" style=\"color:#9ed0c1;font-size:18px;font-style:italic;font-weight:700;line-height:1.4\">Ser faro de bienestar.<\/p>\n\n\n\n<figure class=\"wp-block-image size-large pl-SobreMi-l\"><img decoding=\"async\" src=\"https:\/\/www.dolopizarro.com\/wp-content\/uploads\/2023\/04\/plumerillo-2.png\" alt=\"\"\/><\/figure>\n<\/div>\n\n\n\n<div class=\"is-layout-flow wp-container-3 wp-block-column is-vertically-aligned-top\">\n<p class=\"has-text-align-left has-text-color\" style=\"color:#f1f7f2;padding-right:var(--wp--preset--spacing--60);font-size:18px;font-style:normal;font-weight:400;line-height:1.6\">Licenciada en Nutrici\u00f3n (UBA), especialista en microbiota. Graduada del posgrado de Obesidad y Fundamentos de Nutrici\u00f3n de la Asociaci\u00f3n M\u00e9dica Argentina. Realic\u00e9 la Diplomatura en Gesti\u00f3n Gerencial en el ITBA y el posgrado en Sustentabilidad y Responsabilidad Social Empresaria en UDESA.<\/p>\n\n\n\n<p><\/p>\n\n\n\n<br><br>\n\n\n\n<p class=\"has-text-align-left has-text-color\" style=\"color:#f1f7f2;padding-right:var(--wp--preset--spacing--50);font-size:18px;font-style:normal;font-weight:400;line-height:1.4\">Tengo m\u00e1s de 25 a\u00f1os de experiencia en organizaciones liderando proyectos de entrenamiento, bienestar organizacional, inclusi\u00f3n, sustentabilidad y de transformaci\u00f3n cultural, desarrollando y facilitando programas, talleres y cursos para Argentina y Latinoam\u00e9rica.<br><br>La conjunci\u00f3n de mi profesi\u00f3n y mi recorrido por el \u00e1mbito sanitario, acad\u00e9mico y corporativo aporta una visi\u00f3n y experiencia integral como valor diferencial para identificar, desarrollar y acompa\u00f1ar programas de bienestar.<\/p>\n\n\n\n<figure class=\"wp-block-image size-large pl-SobreMi-r\"><img decoding=\"async\" src=\"https:\/\/www.dolopizarro.com\/wp-content\/uploads\/2023\/04\/plumerillo-3.png\" alt=\"\"\/><\/figure>\n<\/div>\n<\/div>\n<\/div>\n<\/div>\n<\/div>\n\n\n\n<div class=\"is-layout-constrained wp-container-25 wp-block-group alignfull has-background\" id=\"services\" style=\"background-color:#f1f7f2;padding-top:120px;padding-bottom:120px\">\n<h2 class=\"text-Playfair has-text-color\" style=\"color:#5cb269;font-size:60px;line-height:1.4\">Servicios<\/h2>\n\n\n\n<div class=\"inherit-container-width is-layout-constrained wp-container-8 wp-block-group box-text-services\" style=\"margin-top:var(--wp--preset--spacing--20);margin-bottom:var(--wp--preset--spacing--20);padding-top:0;padding-right:0;padding-bottom:0;padding-left:0\">\n<p class=\"has-text-align-left text-Playfair has-text-color\" style=\"color:#275347;margin-top:var(--wp--preset--spacing--40);margin-right:0;margin-bottom:0;margin-left:0;font-size:26px;line-height:1.4\">Acompa\u00f1o a las personas y a las organizaciones en las etapas de aprendizaje y desarrollo de procesos de cultura de bienestar de acuerdo a las necesidades particulares.<\/p>\n<\/div>\n\n\n\n<div class=\"is-layout-flex wp-container-12 wp-block-columns\" style=\"margin-top:50px;padding-top:0;padding-right:0;padding-bottom:0;padding-left:0\">\n<div class=\"is-layout-flow wp-container-10 wp-block-column p-10 has-white-background-color has-background\" style=\"padding-top:40px;padding-right:40px;padding-bottom:40px;padding-left:40px;flex-basis:350px\">\n<div class=\"inherit-container-width is-layout-constrained wp-block-group\">\n<h2 class=\"has-text-align-left has-text-color\" style=\"color:#275347;font-size:32px;text-transform:uppercase\">Cultura de Bienestar<\/h2>\n\n\n\n<hr class=\"wp-block-separator alignwide has-text-color has-alpha-channel-opacity has-background is-style-default\" style=\"background-color:#275347;color:#275347\"\/>\n\n\n\n<figure class=\"wp-block-image size-large\"><img decoding=\"async\" src=\"https:\/\/www.dolopizarro.com\/wp-content\/uploads\/2023\/04\/Bienestar.png\" alt=\"\"\/><\/figure>\n<\/div>\n<\/div>\n\n\n\n<div class=\"is-layout-constrained wp-container-11 wp-block-column is-vertically-aligned-center box-text pr-10 br-r has-background\" style=\"background-color:#3f8572;padding-top:40px;padding-right:40px;padding-bottom:40px;padding-left:40px;flex-basis:650px\">\n<p class=\"has-text-color\" style=\"color:#f1f7f2;margin-top:0;margin-right:0;margin-bottom:0;margin-left:0;padding-top:0;padding-right:0;padding-bottom:0;padding-left:0;font-size:18px;line-height:1.9\">Dise\u00f1o y desarrollo un programa a medida con el fin de concientizar la importancia de convertirnos en actores principales de nuestro bienestar y de generar un ecosistema saludable. Trabajo en forma conjunta con las organizaciones para identificar las necesidades y generar acciones estrat\u00e9gicas, intervenciones y m\u00e9tricas de seguimiento.<\/p>\n<\/div>\n<\/div>\n\n\n\n<div class=\"is-layout-flex wp-container-16 wp-block-columns reverse-flex\" style=\"margin-top:50px;padding-top:0;padding-right:0;padding-bottom:0;padding-left:0\">\n<div class=\"is-layout-constrained wp-container-13 wp-block-column is-vertically-aligned-center box-text pl-10 br-l has-background\" style=\"background-color:#275347;padding-top:40px;padding-right:40px;padding-bottom:40px;padding-left:40px;flex-basis:650px\">\n<p class=\"has-text-color\" style=\"color:#f1f7f2;margin-top:0;margin-right:0;margin-bottom:0;margin-left:0;padding-top:var(--wp--preset--spacing--20);padding-right:var(--wp--preset--spacing--20);padding-bottom:var(--wp--preset--spacing--20);padding-left:var(--wp--preset--spacing--20);font-size:18px;line-height:1.9\">Desarrollo y facilito talleres de entrenamiento a trav\u00e9s de encuentros donde comparto conocimientos y habilidades  para motivar una vida saludable. Acompa\u00f1o procesos de cambio de estilo de vida. Dise\u00f1o c\u00e1psulas con contenido que brindan herramientas pr\u00e1cticas que generan verdaderos aprendizajes.<\/p>\n<\/div>\n\n\n\n<div class=\"is-layout-flow wp-container-15 wp-block-column p-10 has-white-background-color has-background\" style=\"padding-top:40px;padding-right:40px;padding-bottom:40px;padding-left:40px;flex-basis:420px\">\n<div class=\"inherit-container-width is-layout-constrained wp-block-group\">\n<h2 class=\"has-text-align-left has-text-color\" style=\"color:#275347;font-size:32px;text-transform:uppercase\">Talleres <br>H\u00e1bitos de Vida Saludable<\/h2>\n\n\n\n<hr class=\"wp-block-separator alignwide has-text-color has-alpha-channel-opacity has-background is-style-default\" style=\"background-color:#275347;color:#275347\"\/>\n\n\n\n<figure class=\"wp-block-image size-large\"><img decoding=\"async\" src=\"https:\/\/www.dolopizarro.com\/wp-content\/uploads\/2023\/04\/Microbiota.png\" alt=\"\"\/><\/figure>\n<\/div>\n<\/div>\n<\/div>\n\n\n\n<div class=\"is-layout-flex wp-container-20 wp-block-columns\" style=\"margin-top:50px;padding-top:0;padding-right:0;padding-bottom:0;padding-left:0\">\n<div class=\"is-layout-flow wp-container-18 wp-block-column p-10 has-white-background-color has-background\" style=\"padding-top:40px;padding-right:40px;padding-bottom:40px;padding-left:40px;flex-basis:400px\">\n<div class=\"inherit-container-width is-layout-constrained wp-block-group\">\n<h2 class=\"has-text-align-left has-text-color\" style=\"color:#275347;font-size:32px;text-transform:uppercase\">Alimentaci\u00f3n <br>y Microbiota<\/h2>\n\n\n\n<hr class=\"wp-block-separator alignwide has-text-color has-alpha-channel-opacity has-background is-style-default\" style=\"background-color:#275347;color:#275347\"\/>\n\n\n\n<figure class=\"wp-block-image size-large\"><img decoding=\"async\" src=\"https:\/\/www.dolopizarro.com\/wp-content\/uploads\/2023\/04\/Talleres.png\" alt=\"\"\/><\/figure>\n<\/div>\n<\/div>\n\n\n\n<div class=\"is-layout-constrained wp-container-19 wp-block-column is-vertically-aligned-center box-text pr-10 br-r has-background\" style=\"background-color:#50a270;padding-top:40px;padding-right:40px;padding-bottom:40px;padding-left:40px;flex-basis:650px\">\n<p class=\"has-text-color\" style=\"color:#f1f7f2;margin-top:0;margin-right:0;margin-bottom:0;margin-left:0;font-size:18px;line-height:1.9\"><strong>Una de las principales aristas que conforman el bienestar es sin dudas la alimentaci\u00f3n.<\/strong><\/p>\n\n\n\n<p class=\"has-text-color\" style=\"color:#f1f7f2;margin-top:0;margin-right:0;margin-bottom:0;margin-left:0;font-size:18px;line-height:1.9\">Facilito charlas y webinars donde combino mi expriencia como nutricionista y referente de bienestar para divulgar el rol clave de la microbiota intestinal en el bienestar integral, y c\u00f3mo convertir la alimentaci\u00f3n en el mejor aliado.<\/p>\n<\/div>\n<\/div>\n\n\n\n<div class=\"is-layout-flex wp-container-24 wp-block-columns reverse-flex\" style=\"margin-top:50px;padding-top:0;padding-right:0;padding-bottom:0;padding-left:0\">\n<div class=\"is-layout-constrained wp-container-21 wp-block-column is-vertically-aligned-center box-text pl-10 br-r has-background\" style=\"background-color:#5cb269;padding-top:40px;padding-right:40px;padding-bottom:40px;padding-left:40px;flex-basis:650px\">\n<p class=\"has-text-color\" style=\"color:#f1f7f2;margin-top:0;margin-right:0;margin-bottom:0;margin-left:0;font-size:18px;line-height:1.9\">Gestiono lazos con entidades estrat\u00e9gicas del \u00e1mbito sanitario, acad\u00e9mico y gubernamental. Dise\u00f1o en conjunto estrategias para mitigar crisis por alta rotaci\u00f3n, fuga de talentos y reputaci\u00f3n de la marca empleadora. Acompa\u00f1o desde mis conocimientos de nutrici\u00f3n y bienestar, en la difusi\u00f3n en los medios de comunicaci\u00f3n.<\/p>\n<\/div>\n\n\n\n<div class=\"is-layout-flow wp-container-23 wp-block-column p-10 has-white-background-color has-background\" style=\"padding-top:40px;padding-right:40px;padding-bottom:40px;padding-left:40px;flex-basis:480px\">\n<div class=\"inherit-container-width is-layout-constrained wp-block-group\">\n<h2 class=\"has-text-align-left has-text-color\" style=\"color:#275347;font-size:30px;text-transform:uppercase\">Relacionamiento con stakeholders<\/h2>\n\n\n\n<hr class=\"wp-block-separator alignwide has-text-color has-alpha-channel-opacity has-background is-style-default\" style=\"background-color:#275347;color:#275347\"\/>\n\n\n\n<figure class=\"wp-block-image size-large\"><img decoding=\"async\" src=\"https:\/\/www.dolopizarro.com\/wp-content\/uploads\/2023\/04\/Relacionamiento-1.png\" alt=\"\"\/><\/figure>\n<\/div>\n<\/div>\n<\/div>\n\n\n\n<figure class=\"wp-block-image size-large pl-services-r1\"><img decoding=\"async\" src=\"https:\/\/www.dolopizarro.com\/wp-content\/uploads\/2023\/04\/plumerillo-1.png\" alt=\"\"\/><\/figure>\n\n\n\n<figure class=\"wp-block-image size-large pl-services-l1\"><img decoding=\"async\" src=\"https:\/\/www.dolopizarro.com\/wp-content\/uploads\/2023\/04\/plumerillo.png\" alt=\"\"\/><\/figure>\n\n\n\n<figure class=\"wp-block-image size-large pl-services-r2\"><img decoding=\"async\" src=\"https:\/\/www.dolopizarro.com\/wp-content\/uploads\/2023\/04\/plumerillo-3.png\" alt=\"\"\/><\/figure>\n\n\n\n<figure class=\"wp-block-image size-large pl-services-r3\"><img decoding=\"async\" src=\"https:\/\/www.dolopizarro.com\/wp-content\/uploads\/2023\/04\/plumerillo-8.png\" alt=\"\"\/><\/figure>\n<\/div>\n\n\n\n<div class=\"is-content-justification-left is-layout-constrained wp-container-33 wp-block-group alignfull has-ast-global-color-5-background-color has-background\" id=\"about\" style=\"border-style:none;border-width:0px;border-radius:0px;padding-top:0px;padding-right:0px;padding-bottom:0px;padding-left:0px\">\n<div id=\"message\" class=\"inherit-container-width is-layout-constrained wp-block-group position-relative\">\n<div class=\"inherit-container-width is-layout-constrained wp-block-group alignfull\">\n<div class=\"wp-block-cover alignfull is-light bg-image\" style=\"padding-top:0;padding-right:0;padding-bottom:0;padding-left:0;min-height:1030px\"><span aria-hidden=\"true\" class=\"wp-block-cover__background has-background-dim-0 has-background-dim\"><\/span><div class=\"wp-block-cover__inner-container\">\n<div class=\"inherit-container-width is-layout-constrained wp-container-30 wp-block-group\" style=\"padding-top:0;padding-right:0;padding-bottom:0;padding-left:0\">\n<div class=\"inherit-container-width is-layout-constrained wp-block-group position-relative has-background\" style=\"background-color:#00000000\">\n<div class=\"inherit-container-width is-layout-constrained wp-block-group box-message has-background\" style=\"background-color:#00000000\">\n<div class=\"inherit-container-width is-layout-constrained wp-block-group has-white-background-color has-background\" style=\"border-radius:8px;padding-top:0;padding-right:0;padding-bottom:40px;padding-left:0\">\n<div class=\"inherit-container-width is-layout-constrained wp-block-group\">\n<p class=\"text-Playfair has-text-color has-background has-medium-font-size\" style=\"color:#275347;background-color:#00000000;padding-top:40px;padding-right:40px;padding-bottom:0px;padding-left:40px;font-style:normal;font-weight:500;line-height:1.4\">\u201cEl estilo de vida tiene un impacto directamente proporcional en el bienestar INTEGRAL y este representa un nueva propuesta de valor para los colaboradores.\u201d<\/p>\n<\/div>\n\n\n\n<figure class=\"wp-block-image size-large has-custom-border\"><img decoding=\"async\" src=\"https:\/\/www.dolopizarro.com\/wp-content\/uploads\/2023\/04\/Capa_1.png\" alt=\"\" style=\"border-top-style:none;border-top-width:0px;border-right-style:none;border-right-width:0px;border-bottom-style:none;border-bottom-width:0px;border-left-width:40px\"\/><\/figure>\n<\/div>\n<\/div>\n<\/div>\n<\/div>\n<\/div><\/div>\n<\/div>\n\n\n\n<figure class=\"wp-block-image size-large pl-message-l\"><img decoding=\"async\" src=\"https:\/\/www.dolopizarro.com\/wp-content\/uploads\/2023\/04\/plumerillo-9.png\" alt=\"\"\/><\/figure>\n\n\n\n<figure class=\"wp-block-image size-large pl-message-l2\"><img decoding=\"async\" src=\"https:\/\/www.dolopizarro.com\/wp-content\/uploads\/2023\/04\/plumerillo-9.png\" alt=\"\"\/><\/figure>\n\n\n\n<figure class=\"wp-block-image size-large pl-message-r1\"><img decoding=\"async\" src=\"https:\/\/www.dolopizarro.com\/wp-content\/uploads\/2023\/04\/plumerillo-10.png\" alt=\"\"\/><\/figure>\n<\/div>\n<\/div>\n\n\n\n<div class=\"is-layout-constrained wp-container-36 wp-block-group alignfull section-contact has-background\" id=\"notas\" style=\"background-color:#bfddd4;padding-top:80px;padding-bottom:60px\">\n<h2 class=\"has-text-align-center has-text-color\" style=\"color:#275347\">Mis Art\u00edculos<\/h2>\n\n\n\n<div class=\"is-layout-flow wp-block-query\">\n\n\n\n<style>.wp-show-posts-columns#wpsp-388 {margin-left: -2em; }.wp-show-posts-columns#wpsp-388 .wp-show-posts-inner {margin: 0 0 2em 2em; }<\/style><section id=\"wpsp-388\" class=\" wp-show-posts-columns wp-show-posts\" style=\"\"><article class=\" wp-show-posts-single post-423 post type-post status-publish format-standard has-post-thumbnail hentry category-uncategorized wpsp-col-6\" itemtype=\"http:\/\/schema.org\/CreativeWork\" itemscope><div class=\"wp-show-posts-inner\" style=\"\">\t\t<div class=\"wp-show-posts-image  wpsp-image-center \">\n\t\t\t<a href=\"https:\/\/www.dolopizarro.com\/?p=423\"  title=\"De la reflexi\u00f3n a la acci\u00f3n\">\t\t\t\t\t<img src=\"https:\/\/www.dolopizarro.com\/wp-content\/uploads\/2023\/06\/DoloPizarro-Ilustracion-01-Ajuste-01-600x300.png\" alt=\"De la reflexi\u00f3n a la acci\u00f3n\" itemprop=\"image\" class=\"center\" \/>\n\t\t\t\t<\/a>\t\t<\/div>\n\t\t\t\t\t\t\t\t<header class=\"wp-show-posts-entry-header\">\n\t\t\t\t\t\t\t<h2 class=\"wp-show-posts-entry-title\" itemprop=\"headline\"><a href=\"https:\/\/www.dolopizarro.com\/?p=423\" rel=\"bookmark\">De la reflexi\u00f3n a la acci\u00f3n<\/a><\/h2>\t\t\t\t\t\t<\/header><!-- .entry-header -->\n\t\t\t\t\t<\/div><!-- wp-show-posts-inner --><\/article><article class=\" wp-show-posts-single post-395 post type-post status-publish format-standard has-post-thumbnail hentry category-uncategorized wpsp-col-6\" itemtype=\"http:\/\/schema.org\/CreativeWork\" itemscope><div class=\"wp-show-posts-inner\" style=\"\">\t\t<div class=\"wp-show-posts-image  wpsp-image-center \">\n\t\t\t<a href=\"https:\/\/www.dolopizarro.com\/?p=395\"  title=\"La microbiota intestinal, nuestro segundo cerebro\">\t\t\t\t\t<img src=\"https:\/\/www.dolopizarro.com\/wp-content\/uploads\/2023\/06\/DoloPizarro-Ilustracion02-Round2-01-600x300.jpeg\" alt=\"La microbiota intestinal, nuestro segundo cerebro\" itemprop=\"image\" class=\"center\" \/>\n\t\t\t\t<\/a>\t\t<\/div>\n\t\t\t\t\t\t\t\t<header class=\"wp-show-posts-entry-header\">\n\t\t\t\t\t\t\t<h2 class=\"wp-show-posts-entry-title\" itemprop=\"headline\"><a href=\"https:\/\/www.dolopizarro.com\/?p=395\" rel=\"bookmark\">La microbiota intestinal, nuestro segundo cerebro<\/a><\/h2>\t\t\t\t\t\t<\/header><!-- .entry-header -->\n\t\t\t\t\t<\/div><!-- wp-show-posts-inner --><\/article><div class=\"wpsp-clear\"><\/div><\/section><!-- .wp-show-posts -->\n<\/div>\n<\/div>\n\n\n\n<div class=\"is-layout-constrained wp-container-37 wp-block-group alignfull section-contact has-background\" id=\"contact\" style=\"background-color:#f1f7f2;padding-top:80px;padding-bottom:60px\">\n<h2 class=\"has-text-align-center has-text-color\" style=\"color:#275347\">Contactame<\/h2>\n\n\n\n<p class=\"has-text-align-center has-text-color\" style=\"color:#275347\"><strong>\u00bfTen\u00e9s una idea?<\/strong> Me encantar\u00eda ayudarte a concretarla.<\/p>\n\n\n\n<div class=\"wp-block-contact-form-7-contact-form-selector\">\n<div class=\"wpcf7 no-js\" id=\"wpcf7-f118-o1\" lang=\"es-ES\" dir=\"ltr\">\n<div class=\"screen-reader-response\"><p role=\"status\" aria-live=\"polite\" aria-atomic=\"true\"><\/p> <ul><\/ul><\/div>\n<form action=\"\/index.php?rest_route=%2Fwp%2Fv2%2Fpages%2F6#wpcf7-f118-o1\" method=\"post\" class=\"wpcf7-form init text-center\" aria-label=\"Formulario de contacto\" novalidate=\"novalidate\" data-status=\"init\">\n<div style=\"display: none;\">\n<input type=\"hidden\" name=\"_wpcf7\" value=\"118\" \/>\n<input type=\"hidden\" name=\"_wpcf7_version\" value=\"5.7.5.1\" \/>\n<input type=\"hidden\" name=\"_wpcf7_locale\" value=\"es_ES\" \/>\n<input type=\"hidden\" name=\"_wpcf7_unit_tag\" value=\"wpcf7-f118-o1\" \/>\n<input type=\"hidden\" name=\"_wpcf7_container_post\" value=\"0\" \/>\n<input type=\"hidden\" name=\"_wpcf7_posted_data_hash\" value=\"\" \/>\n<\/div>\n<p><label> Tu nombre completo*<br \/>\n<span class=\"wpcf7-form-control-wrap\" data-name=\"your-name\"><input size=\"40\" class=\"wpcf7-form-control wpcf7-text wpcf7-validates-as-required\" autocomplete=\"name\" aria-required=\"true\" aria-invalid=\"false\" value=\"\" type=\"text\" name=\"your-name\" \/><\/span> <\/label>\n<\/p>\n<p><label> Tu email*<br \/>\n<span class=\"wpcf7-form-control-wrap\" data-name=\"your-email\"><input size=\"40\" class=\"wpcf7-form-control wpcf7-text wpcf7-email wpcf7-validates-as-required wpcf7-validates-as-email\" autocomplete=\"email\" aria-required=\"true\" aria-invalid=\"false\" value=\"\" type=\"email\" name=\"your-email\" \/><\/span> <\/label>\n<\/p>\n<p><label> Tu mensaje<br \/>\n<span class=\"wpcf7-form-control-wrap\" data-name=\"your-message\"><textarea cols=\"40\" rows=\"10\" class=\"wpcf7-form-control wpcf7-textarea\" aria-invalid=\"false\" name=\"your-message\"><\/textarea><\/span> <\/label>\n<\/p>\n<p><input class=\"wpcf7-form-control has-spinner wpcf7-submit\" type=\"submit\" value=\"Enviar\" \/>\n<\/p><div class=\"wpcf7-response-output\" aria-hidden=\"true\"><\/div>\n<\/form>\n<\/div>\n<\/div>\n\n\n\n<figure class=\"wp-block-image size-large pl-contact-l\"><img decoding=\"async\" src=\"https:\/\/www.dolopizarro.com\/wp-content\/uploads\/2023\/04\/plumerillo-9.png\" alt=\"\"\/><\/figure>\n\n\n\n<figure class=\"wp-block-image size-large pl-contact-r1\"><img decoding=\"async\" src=\"https:\/\/www.dolopizarro.com\/wp-content\/uploads\/2023\/04\/plumerillo-10.png\" alt=\"\"\/><\/figure>\n<\/div>\n\n\n\n<div class=\"is-layout-constrained wp-container-38 wp-block-group alignfull position-relative has-background\" id=\"newsletter\" style=\"background-color:#275347;padding-top:120px;padding-bottom:120px\">\n<figure class=\"wp-block-image size-large pl-message-r2\"><img decoding=\"async\" src=\"https:\/\/www.dolopizarro.com\/wp-content\/uploads\/2023\/04\/plumerillo-11.png\" alt=\"\"\/><\/figure>\n\n\n\n<h2 class=\"has-text-align-center has-text-color\" style=\"color:#e1dddb;font-size:40px\">Newsletter<\/h2>\n\n\n\n<p class=\"has-text-align-center has-text-color\" style=\"color:#e1dddb;margin-bottom:var(--wp--preset--spacing--70);font-size:14px;line-height:1.4\">Si quer\u00e9s ser parte de esta red, te estar\u00e9 compartiendo mis art\u00edculos <br>sobre salud y bienestar, recomendaciones y reflexiones.<\/p>\n\n\n\n<div style=\"padding:20px;text-align:center\" class=\"wp-block-tnp-minimal\"><p>Tu email*<\/p><div><div class=\"tnp tnp-subscription-minimal \"><form action=\"https:\/\/www.dolopizarro.com\/?na=s\" method=\"post\"><input type=\"hidden\" name=\"nr\" value=\"minimal\"><input type=\"hidden\" name=\"nlang\" value=\"\"><input class=\"tnp-email\" type=\"email\" required name=\"ne\" value=\"\" placeholder=\"Email\"><input class=\"tnp-submit\" type=\"submit\" value=\"Quiero Suscribirme\" style=\"background-color:\"><\/form><\/div>\n<\/div><\/div>\n<\/div>\n\n\n\n<p><\/p>\n","protected":false},"excerpt":{"rendered":"<p>Soy Dolo Pizarro Especialista en Salud y Bienestar. Entrenadora en h\u00e1bitos de vida saludable. Speaker y conferencista. Mi prop\u00f3sito es inspirar a las organizaciones a generar conciencia de la importancia del bienestar integral y sostenible de sus colaboradores (cuerpo- mente- esp\u00edritu) y a motivar un estilo de vida saludable. Impulsar acciones poniendo a disposici\u00f3n herramientas &hellip;<\/p>\n<p class=\"read-more\"> <a class=\"\" href=\"https:\/\/www.dolopizarro.com\/?p=395\"> <span class=\"screen-reader-text\">La microbiota intestinal, nuestro segundo cerebro<\/span> Leer m\u00e1s &raquo;<\/a><\/p>\n","protected":false},"author":1,"featured_media":0,"parent":0,"menu_order":0,"comment_status":"closed","ping_status":"closed","template":"","meta":{"om_disable_all_campaigns":false,"site-sidebar-layout":"no-sidebar","site-content-layout":"plain-container","ast-global-header-display":"","ast-main-header-display":"","ast-hfb-above-header-display":"","ast-hfb-below-header-display":"","ast-hfb-mobile-header-display":"","site-post-title":"disabled","ast-breadcrumbs-content":"","ast-featured-img":"","footer-sml-layout":"","theme-transparent-header-meta":"enabled","adv-header-id-meta":"","stick-header-meta":"","header-above-stick-meta":"","header-main-stick-meta":"","header-below-stick-meta":""},"aioseo_notices":[],"_links":{"self":[{"href":"https:\/\/www.dolopizarro.com\/index.php?rest_route=\/wp\/v2\/pages\/6"}],"collection":[{"href":"https:\/\/www.dolopizarro.com\/index.php?rest_route=\/wp\/v2\/pages"}],"about":[{"href":"https:\/\/www.dolopizarro.com\/index.php?rest_route=\/wp\/v2\/types\/page"}],"author":[{"embeddable":true,"href":"https:\/\/www.dolopizarro.com\/index.php?rest_route=\/wp\/v2\/users\/1"}],"replies":[{"embeddable":true,"href":"https:\/\/www.dolopizarro.com\/index.php?rest_route=%2Fwp%2Fv2%2Fcomments&post=6"}],"version-history":[{"count":292,"href":"https:\/\/www.dolopizarro.com\/index.php?rest_route=\/wp\/v2\/pages\/6\/revisions"}],"predecessor-version":[{"id":560,"href":"https:\/\/www.dolopizarro.com\/index.php?rest_route=\/wp\/v2\/pages\/6\/revisions\/560"}],"wp:attachment":[{"href":"https:\/\/www.dolopizarro.com\/index.php?rest_route=%2Fwp%2Fv2%2Fmedia&parent=6"}],"curies":[{"name":"wp","href":"https:\/\/api.w.org\/{rel}","templated":true}]}}